{"id":17,"date":"2014-07-15T15:31:26","date_gmt":"2014-07-15T19:31:26","guid":{"rendered":"http:\/\/uakn.ictinusdesign.com\/?page_id=17"},"modified":"2014-11-28T07:38:27","modified_gmt":"2014-11-28T12:38:27","slug":"research-centres","status":"publish","type":"page","link":"https:\/\/uakn.org\/fr\/research-centres\/","title":{"rendered":"Centres r\u00e9gionaux de recherche"},"content":{"rendered":"<p><\/p>\n<p>Quatre Centres r\u00e9gionaux de recherche (CRR) ont \u00e9t\u00e9 \u00e9tablis\u00a0: un Centre dans l\u2019Ouest, un Centre dans les Prairies, un Centre dans la r\u00e9gion du Centre, et un dans la r\u00e9gion de l\u2019Atlantique. Les Centres incluent des praticiens, des universitaires, des repr\u00e9sentants de communaut\u00e9s autochtones, et des responsables des politiques au niveau du gouvernement. Chaque Centre est responsable d\u2019effectuer la planification des projets, d\u2019accro\u00eetre l\u2019engagement des intervenants, et d\u2019assurer l\u2019\u00e9change de connaissances dans leur r\u00e9gion respective au Canada.<\/p>\n<p><\/p>","protected":false},"excerpt":{"rendered":"<p>Quatre Centres r\u00e9gionaux de recherche (CRR) ont \u00e9t\u00e9 \u00e9tablis\u00a0: un Centre dans l\u2019Ouest, un Centre dans les Prairies, un Centre dans la r\u00e9gion du Centre, et un dans la r\u00e9gion de l\u2019Atlantique. Les Centres incluent des praticiens, des universitaires, des repr\u00e9sentants de communaut\u00e9s autochtones, et des responsables des politiques au niveau du gouvernement. Chaque Centre [&hellip;]<\/p>\n","protected":false},"author":1,"featured_media":0,"parent":0,"menu_order":0,"comment_status":"open","ping_status":"open","template":"template-research-centres-index.php","meta":{"footnotes":""},"acf":[],"_links":{"self":[{"href":"https:\/\/uakn.org\/fr\/wp-json\/wp\/v2\/pages\/17"}],"collection":[{"href":"https:\/\/uakn.org\/fr\/wp-json\/wp\/v2\/pages"}],"about":[{"href":"https:\/\/uakn.org\/fr\/wp-json\/wp\/v2\/types\/page"}],"author":[{"embeddable":true,"href":"https:\/\/uakn.org\/fr\/wp-json\/wp\/v2\/users\/1"}],"replies":[{"embeddable":true,"href":"https:\/\/uakn.org\/fr\/wp-json\/wp\/v2\/comments?post=17"}],"version-history":[{"count":12,"href":"https:\/\/uakn.org\/fr\/wp-json\/wp\/v2\/pages\/17\/revisions"}],"predecessor-version":[{"id":1804,"href":"https:\/\/uakn.org\/fr\/wp-json\/wp\/v2\/pages\/17\/revisions\/1804"}],"wp:attachment":[{"href":"https:\/\/uakn.org\/fr\/wp-json\/wp\/v2\/media?parent=17"}],"curies":[{"name":"wp","href":"https:\/\/api.w.org\/{rel}","templated":true}]}}