{"id":27,"date":"2014-07-15T15:36:32","date_gmt":"2014-07-15T19:36:32","guid":{"rendered":"http:\/\/uakn.ictinusdesign.com\/?page_id=27"},"modified":"2016-02-16T11:03:03","modified_gmt":"2016-02-16T16:03:03","slug":"about-us","status":"publish","type":"page","link":"https:\/\/uakn.org\/fr\/about-us\/","title":{"rendered":"Bienvenue, NACHIGA, TANSI, WILCUME, TUNNGAHUGIT"},"content":{"rendered":"<p><\/p>\n<p><p>Le r\u00e9seau des connaissances des Autochtones en milieu urbain (RCAU) \u2013 \u00c0 la recherche d\u2019une vie meilleure<\/p>\n<p>Bienvenue au site Web du R\u00e9seau des connaissances des Autochtones en milieu urbain (RCAU). Nous sommes heureux de vous offrir de l\u2019information \u00e0 propos de l\u2019histoire du RCAU, de sa structure de gouvernance, de la recherche actuelle, et de nos engagements avec notre r\u00e9seau de partenaires indispensables. Notre recherche vise \u00e0 promouvoir \u201cmino-biimaadiziwin\u201d \u2013 la bonne vie \u2013 pour les Autochtones urbains. Ce but s\u2019accomplit en finan\u00e7ant de la recherche de grande qualit\u00e9, qui se veut pertinente au point de vue des politiques, et qui rassemble les perspectives des universitaires, du gouvernement, et de la communaut\u00e9 autochtone urbaine.<\/p>\n<p>Selon l\u2019Enqu\u00eate nationale aupr\u00e8s des m\u00e9nages (ENM) 2011, pr\u00e8s de 60% des Autochtones vivent en r\u00e9gions urbaines. Jusqu\u2019\u00e0 tout r\u00e9cemment, peu de recherche avait \u00e9t\u00e9 effectu\u00e9e sur cette population dynamique et en croissance. La dimension des vies autochtones urbaines et les enjeux auxquels les Autochtones urbains doivent faire face n\u2019ont pas fait l\u2019objet d\u2019une analyse et d\u2019un examen rigoureux visant le d\u00e9veloppement de politiques publiques saines et progressistes.<\/p>\n<p>Dans le but de combler ces lacunes, l\u2019Association nationale des centres d\u2019amiti\u00e9 (ANCA) et Affaires autochtones et D\u00e9veloppement du Nord Canada (AADNC) on men\u00e9 conjointement la cr\u00e9ation du RCAU en 2007. Avec le soutien du Conseil de recherche en sciences humaines du Canada (CRSH), le RCAU est pr\u00eat \u00e0 fournir aux responsables des politiques \u00e0 travers le Canada, les connaissances pour aller de l\u2019avant avec les Autochtones en utilisant des preuves produites par la communaut\u00e9, pour la communaut\u00e9.<\/p>\n<h2>RCAU &#8211; Recherche<\/h2>\n<p>Le RCAU est un r\u00e9seau de recherche bas\u00e9 sur la communaut\u00e9, se concentrant sur les pr\u00e9occupations autochtones urbaines. Notre but est de contribuer \u00e0 une meilleure qualit\u00e9 de vie pour les Autochtones vivant dans les villes en comblant les lacunes actuelles de connaissances que l\u2019on constate au niveau de la recherche, des politiques publiques , et des programmes autochtones urbains. Le RCAU \u00e9tablit un r\u00e9seau national interdisciplinaire impliquant les universit\u00e9s, la communaut\u00e9, et les partenaires gouvernementaux, pour de la recherche, des bourses d\u2019\u00e9tude et pour la mobilisation des connaissances.<\/p>\n<p>Le r\u00e9seau national du RCAU offre diff\u00e9rents types des partenariats en d\u00e9veloppant des relations plus solides, par le biais d\u2019un processus conduit dans la communaut\u00e9. Notre gouvernance rassemble les communaut\u00e9s autochtones, les th\u00e9oriciens, les gouvernements et autres intervenants, travaillant tous \u00e0 cr\u00e9er, mobiliser et transf\u00e9rer les connaissances.<\/p>\n<p>Le RCAU en est venu \u00e0 inclure plus de 75 partenaires officiels et 25 projets r\u00e9gionaux de recherche financ\u00e9s. Une des priorit\u00e9s du RCAU est d\u2019assurer la formation de th\u00e9oriciens nouveaux et \u00e9mergents, sp\u00e9cialement les th\u00e9oriciens autochtones. Jusqu\u2019\u00e0 pr\u00e9sent, 30 \u00e9tudiants dipl\u00f4m\u00e9s et \u00e9tudiants de premier cycle ont \u00e9t\u00e9 impliqu\u00e9s \u00e0 diff\u00e9rents titres. Le RCAU soutient aussi les communaut\u00e9s alors qu\u2019elles construisent leur propre capacit\u00e9 de recherche par le biais de ce processus. Alors que nous allons de l\u2019avant, nous attendons avec impatience des opportunit\u00e9s nous permettant d\u2019\u00e9largir notre r\u00e9seau.<\/p>\n<h2>But du RCAU\u00a0:<\/h2>\n<p><em>Notre r\u00e9seau national d\u00e9veloppe une politique publique positive et progressiste, bas\u00e9e sur de l\u2019information de recherche recueillie par la communaut\u00e9, pour la communaut\u00e9. <\/em><\/p>\n<h3>Le RCAU poss\u00e8de quatre champs d\u2019expertise\u00a0:<\/h3>\n<ol>\n<li>Recherche effectu\u00e9e dans la communaut\u00e9<\/li>\n<li>Mobilisation des connaissances<\/li>\n<li>Administration et d\u00e9veloppement de r\u00e9seaux de recherche et de processus de subventions<\/li>\n<li>Connaissances des structures des communaut\u00e9s locales<\/li>\n<\/ol>\n<p>Au niveau communautaire, les Centres d\u2019amiti\u00e9 et autres organisations autochtones urbaines jouent un r\u00f4le essentiel en ce qui a trait \u00e0 nos processus de d\u00e9veloppement de la recherche et en ce qui concerne l\u2019am\u00e9lioration des politiques. Ces organisations travaillent de fa\u00e7on efficace pour att\u00e9nuer le bouleversement social, pour aider lors de la s\u00e9paration avec la famille, et pour s\u2019opposer \u00e0 la discrimination raciale dont les Premi\u00e8res nations, les M\u00e9tis et les Inuits sont l\u2019objet.<\/p>\n<\/p>\n<p><\/p>","protected":false},"excerpt":{"rendered":"<p>Le r\u00e9seau des connaissances des Autochtones en milieu urbain (RCAU) \u2013 \u00c0 la recherche d\u2019une vie meilleure Bienvenue au site Web du R\u00e9seau des connaissances des Autochtones en milieu urbain (RCAU). Nous sommes heureux de vous offrir de l\u2019information \u00e0 propos de l\u2019histoire du RCAU, de sa structure de gouvernance, de la recherche actuelle, et [&hellip;]<\/p>\n","protected":false},"author":1,"featured_media":0,"parent":0,"menu_order":0,"comment_status":"open","ping_status":"open","template":"template-about-us.php","meta":{"footnotes":""},"acf":[],"_links":{"self":[{"href":"https:\/\/uakn.org\/fr\/wp-json\/wp\/v2\/pages\/27"}],"collection":[{"href":"https:\/\/uakn.org\/fr\/wp-json\/wp\/v2\/pages"}],"about":[{"href":"https:\/\/uakn.org\/fr\/wp-json\/wp\/v2\/types\/page"}],"author":[{"embeddable":true,"href":"https:\/\/uakn.org\/fr\/wp-json\/wp\/v2\/users\/1"}],"replies":[{"embeddable":true,"href":"https:\/\/uakn.org\/fr\/wp-json\/wp\/v2\/comments?post=27"}],"version-history":[{"count":23,"href":"https:\/\/uakn.org\/fr\/wp-json\/wp\/v2\/pages\/27\/revisions"}],"predecessor-version":[{"id":2533,"href":"https:\/\/uakn.org\/fr\/wp-json\/wp\/v2\/pages\/27\/revisions\/2533"}],"wp:attachment":[{"href":"https:\/\/uakn.org\/fr\/wp-json\/wp\/v2\/media?parent=27"}],"curies":[{"name":"wp","href":"https:\/\/api.w.org\/{rel}","templated":true}]}}