{"id":346,"date":"2014-08-07T13:38:43","date_gmt":"2014-08-07T17:38:43","guid":{"rendered":"http:\/\/uakn.ictinusdesign.com\/?page_id=346"},"modified":"2014-08-22T10:58:11","modified_gmt":"2014-08-22T14:58:11","slug":"history","status":"publish","type":"page","link":"https:\/\/uakn.org\/fr\/about-us\/history\/","title":{"rendered":"Notre histoire"},"content":{"rendered":"<p><strong>Explication du logo du RCAU<\/strong><\/p>\n<p>Le logo du RCAU a \u00e9t\u00e9 cr\u00e9\u00e9 en utilisant 3 lignes repr\u00e9sentant les \u00e9l\u00e9ments autochtones travaillant ensemble afin de cr\u00e9er une flamme. La flamme repr\u00e9sente la purification, le renouveau, et relie les trois \u00e9l\u00e9ments autochtones\u00a0: la plume, un objet de c\u00e9r\u00e9monie repr\u00e9sentant la force, la loyaut\u00e9, l\u2019honn\u00eatet\u00e9 et la compassion, l\u2019\u00e9charpe m\u00e9tisse, partie int\u00e9grante des c\u00e9l\u00e9brations culturelles, et le Qulliq inuit, une lampe de pierre repr\u00e9sentant la lumi\u00e8re et la chaleur de la famille et de la communaut\u00e9.<\/p>\n<p>Le design initial, ainsi que ce sur quoi se concentre le RCAU furent test\u00e9s lors d\u2019une rencontre des intervenants tenue en mars 2007 avec le soutien d\u2019Affaires autochtones et D\u00e9veloppement du Nord Canada (AADNC, anciennement connu sous le nom d\u2019Affaires indiennes et du Nord canadien) et Centraide.<\/p>\n<p>Plusieurs membres de la communaut\u00e9 de recherche autochtone furent pr\u00e9sents, en plus de certaines organisations autochtones, des repr\u00e9sentants sup\u00e9rieurs de AADNC, des fonctionnaires provinciaux et municipaux, et des repr\u00e9sentants de la F\u00e9d\u00e9ration canadienne des municipalit\u00e9s.<\/p>\n<p>Le Secr\u00e9tariat du RCAU loge \u00e0 l\u2019Association nationale des centres d\u2019amiti\u00e9 (ANCA). L\u2019ANCA ainsi que le Mouvement des centres d\u2019amiti\u00e9 (MCA) jouent un r\u00f4le central au sein du R\u00e9seau, par leur implication dans les quatre Centres r\u00e9gionaux de recherche et au sein du Cercle autochtone. Pendant les cinquante derni\u00e8res ann\u00e9es, le MCA a effectu\u00e9 de la recherche et a d\u00e9velopp\u00e9 des programmes men\u00e9s dans la communaut\u00e9 afin d\u2019am\u00e9liorer la qualit\u00e9 de vie des Autochtones urbains. Le RCAU continuera de faire cro\u00eetre ces pratiques et les connaissances d\u00e9coulant de celles-ci, afin d\u2019explorer et de partager syst\u00e9matiquement avec les responsables des politiques, les d\u00e9fis et opportunit\u00e9s qui se pr\u00e9sentent aux Autochtones vivant dans les centres urbains au Canada.<\/p>\n<p>L\u2019Association nationale des centres d\u2019amiti\u00e9 (ANCA) s\u2019est engag\u00e9e dans le d\u00e9veloppement du RCAU pour plusieurs raisons. Celles-ci incluent\u00a0:<\/p>\n<ul>\n<li>Reconna\u00eetre que d\u2019aborder les d\u00e9fis et opportunit\u00e9s rencontr\u00e9s par les Autochtones urbains requiert de multiples intervenants travaillant conjointement afin de d\u00e9velopper une base empirique cr\u00e9dible pour fa\u00e7onner les politiques et les pratiques\u00a0;<\/li>\n<li>D\u00e9sirer s\u2019assurer que les communaut\u00e9s autochtones urbaines ne soient pas simplement la cible de la recherche mais qu\u2019elles soient plut\u00f4t des partenaires au sein du processus de recherche ;<\/li>\n<li>R\u00e9aliser \u2013 en partie par le biais de l\u2019implication de l\u2019ANCA \u00e0 la co-pr\u00e9sidence de la Conf\u00e9rence de recherche sur les politiques autochtones en 2006 \u2013 qu\u2019il y a une lacune importante en ce qui a trait \u00e0 la recherche de haute qualit\u00e9, pertinente au niveau des politiques dans cette sph\u00e8re ;<\/li>\n<li>\u00catre sensibilis\u00e9 au fait qu\u2019il existe un besoin urgent de construire une capacit\u00e9 de recherche autochtone urbaine ;<\/li>\n<li>Conna\u00eetre le fait que les efforts de recherche autochtone doivent incarner les valeurs et l\u2019\u00e9thique favorisant la confiance parmi les partenaires ; et,<\/li>\n<li>Comprendre que le fait de promouvoir davantage de recherche sur les enjeux autochtones urbains (et une recherche de meilleure qualit\u00e9), et promouvoir la pertinence de cette recherche au niveau des politiques, est de contribuer \u00e0 l\u2019\u00e9nonc\u00e9 de mission de l\u2019ANCA.<\/li>\n<\/ul>\n<p>Le RCAU travaille en proche partenariat avec le Gouvernement du Canada et ses agences afin de faciliter son but qui est de d\u00e9velopper une politique progressiste et positive pour les Autochtones urbains.<\/p>\n<p>Depuis 2007, l\u2019Association nationale des centres d\u2019amiti\u00e9 (ANCA) travaille de pr\u00e8s avec Affaires autochtones et D\u00e9veloppement du Nord Canada (AADNC) afin de developer le RCAU. En 2012, le RCAU se vit accorder une subvention de partenariat de cinq ans par le Conseil de recherche en sciences humaines du Canada (CRSH), qui lui, soutient la recherche \u00e0 travers le Canada.<\/p>\n<p>Le RCAU s\u2019assure que sa recherche soit effectu\u00e9e dans les communaut\u00e9s autochtones et qu\u2019il r\u00e9sulte de celle-ci une qualit\u00e9 de vie am\u00e9lior\u00e9e pour les Autochtones urbains. Notre r\u00e9seau national est \u00e9tabli sur un mod\u00e8le de partenariat et de co-cr\u00e9ation des connaissances. Les voix \u00e9minentes au sein de notre organisation incluent des universitaires, des responsables des politiques, et des communaut\u00e9s et organisations autochtones urbaines offrant des services \u00e0 ces personnes. En plus de nous assurer que notre recherche aborde les besoins des Autochtones urbains et qu\u2019elle leur offre une meilleure qualit\u00e9 de vie, nous nous effor\u00e7ons aussi de cultiver de nouvelles connaissances afin de cr\u00e9er un Canada mieux inform\u00e9<\/p>","protected":false},"excerpt":{"rendered":"<p>Explication du logo du RCAU Le logo du RCAU a \u00e9t\u00e9 cr\u00e9\u00e9 en utilisant 3 lignes repr\u00e9sentant les \u00e9l\u00e9ments autochtones travaillant ensemble afin de cr\u00e9er une flamme. La flamme repr\u00e9sente la purification, le renouveau, et relie les trois \u00e9l\u00e9ments autochtones\u00a0: la plume, un objet de c\u00e9r\u00e9monie repr\u00e9sentant la force, la loyaut\u00e9, l\u2019honn\u00eatet\u00e9 et la compassion, [&hellip;]<\/p>\n","protected":false},"author":1,"featured_media":0,"parent":27,"menu_order":0,"comment_status":"open","ping_status":"open","template":"template-about-us.php","meta":{"footnotes":""},"acf":[],"_links":{"self":[{"href":"https:\/\/uakn.org\/fr\/wp-json\/wp\/v2\/pages\/346"}],"collection":[{"href":"https:\/\/uakn.org\/fr\/wp-json\/wp\/v2\/pages"}],"about":[{"href":"https:\/\/uakn.org\/fr\/wp-json\/wp\/v2\/types\/page"}],"author":[{"embeddable":true,"href":"https:\/\/uakn.org\/fr\/wp-json\/wp\/v2\/users\/1"}],"replies":[{"embeddable":true,"href":"https:\/\/uakn.org\/fr\/wp-json\/wp\/v2\/comments?post=346"}],"version-history":[{"count":16,"href":"https:\/\/uakn.org\/fr\/wp-json\/wp\/v2\/pages\/346\/revisions"}],"predecessor-version":[{"id":1242,"href":"https:\/\/uakn.org\/fr\/wp-json\/wp\/v2\/pages\/346\/revisions\/1242"}],"up":[{"embeddable":true,"href":"https:\/\/uakn.org\/fr\/wp-json\/wp\/v2\/pages\/27"}],"wp:attachment":[{"href":"https:\/\/uakn.org\/fr\/wp-json\/wp\/v2\/media?parent=346"}],"curies":[{"name":"wp","href":"https:\/\/api.w.org\/{rel}","templated":true}]}}