{"id":348,"date":"2014-08-07T13:38:59","date_gmt":"2014-08-07T17:38:59","guid":{"rendered":"http:\/\/uakn.ictinusdesign.com\/?page_id=348"},"modified":"2014-08-21T16:28:14","modified_gmt":"2014-08-21T20:28:14","slug":"partnerships","status":"publish","type":"page","link":"https:\/\/uakn.org\/fr\/about-us\/partnerships\/","title":{"rendered":"Partenariats"},"content":{"rendered":"<p><strong>Partenariats<\/strong><\/p>\n<p>Les partenariats sont \u00e0 la base du succ\u00e8s du RCAU. Les partenariats jouent un r\u00f4le-cl\u00e9 pour promulguer un changement significatif qui b\u00e9n\u00e9ficie aux communaut\u00e9s autochtones urbaines par le biais du d\u00e9veloppement d\u2019une politique de collaboration. Le RCAU est repr\u00e9sent\u00e9 par plusieurs partenariats \u00e0 travers le Canada, incluant les Centres d\u2019amiti\u00e9, les universit\u00e9s, les membres des communaut\u00e9s, et les gouvernements. Nous appr\u00e9cions nos partenaires et nous cherchons \u00e0 renforcer leur implication.<\/p>\n<p>Notre r\u00e9seau s\u2019\u00e9tend bien plus loin que les universitaires et les gouvernements ; les communaut\u00e9s autochtones urbaines \u00e0 travers le Canada sont des partenaires essentiels \u00e0 notre recherche et au sein de notre r\u00e9seau. Nous combinons l\u2019information provenant de ces communaut\u00e9s par le biais de partenariats avec les institutions acad\u00e9miques canadiennes cl\u00e9. Nous effectuons ceci d\u2019une fa\u00e7on inclusive par le biais de la cueillette d\u2019informations, par l\u2019\u00e9change de connaissances, et par la r\u00e9conciliation, dans le but d\u2019am\u00e9liorer la qualit\u00e9 de vie des Autochtones urbains.<\/p>\n<p>Le RCAU est confiant que ces partenariats continueront de cro\u00eetre. Les connaissances acquises par le RCAU sont efficacement transf\u00e9r\u00e9es aux communaut\u00e9s par le biais d\u2019un cadre de travail de partenariat impliquant un grand nombre de groupes et d\u2019intervenants. De cette fa\u00e7on, nous nous assurons que la recherche effectu\u00e9e soit orient\u00e9e vers notre but qui est de cr\u00e9er une politique innovatrice pour les Autochtones en centres urbains.<\/p>\n<p>Le RCAU cherche \u00e0 faire cro\u00eetre son r\u00e9seau en acceptant continuellement de nouveau partenaires et en collaborant sans cesse avec eux afin d\u2019\u00e9largir le r\u00e9seau et de partager les connaissances acquises.<\/p>\n<p><strong>Minist\u00e8res gouvernementaux <\/strong><\/p>\n<p>Cette recherche a \u00e9t\u00e9 financ\u00e9e par une subvention de partenariat\u00a0 du CRSH appel\u00e9e\u00a0Le R\u00e9seau des connaissances des Autochtones en milieu urbain\u00a0: \u00e0 la recherche d\u2019une vie meilleure. Le RCAU travaille aussi de pr\u00e8s avec Affaires autochtones et D\u00e9veloppement du Nord Canada (AADNC) qui a aid\u00e9 et a \u00e9t\u00e9 strat\u00e9giquement impliqu\u00e9 avec l\u2019ANCA et le RCAU pour la recherche, la publication de livres, et les soumissions pour l\u2019obtention de subventions. \u00a0Statistique Canada a aussi aid\u00e9 en fournissant de nombreuses donn\u00e9es provenant de l\u2019Enqu\u00eate aupr\u00e8s des peuples autochtones, du recensement, et de l\u2019Enqu\u00eate nationale aupr\u00e8s des m\u00e9nages ; ces donn\u00e9es sont utilis\u00e9es en tant que base pour nos constats de recherche et aussi en tant qu\u2019information pour le mappage de donn\u00e9es.<\/p>\n<p><strong>Centres r\u00e9gionaux de recherche <\/strong><\/p>\n<p>Les CRR (Centres r\u00e9gionaux de recherche) comprennent des r\u00e9seaux de chercheurs, de Centres d\u2019amiti\u00e9 et de repr\u00e9sentants des communaut\u00e9s autochtones, des responsables des politiques provenant de divers ordres de gouvernement, et de praticiens.<\/p>\n<p>Nos partenaires des quatre Centres r\u00e9gionaux de recherche \u00e0 travers le Canada ont \u00e9t\u00e9 tr\u00e8s solides et influents au sein du RCAU dans le pass\u00e9 et le sont toujours actuellement.<\/p>\n<p>Cliquez sur <a href=\"https:\/\/uakn.org\/research-centres\/\">Research Centres<\/a>\u00a0afin d\u2019\u00eatre dirig\u00e9 vers nos partenaires acad\u00e9miques.<\/p>\n<p><strong>\u00a0<\/strong><\/p>\n<p><strong>La communaut\u00e9 et les Centres d\u2019amiti\u00e9 <\/strong><\/p>\n<p>Le RCAU a d\u00e9velopp\u00e9 des partenariats avec plusieurs groupes communautaires \u00e0 but non lucratif et aussi avec diff\u00e9rents Centres d\u2019amiti\u00e9 et Associations provinciales territoriales (APT). Ceci a largement \u00e9t\u00e9 favoris\u00e9 par la demande de subvention de partenariat RCAU-CRSH, alors que plusieurs de nos partenaires et participants impliqu\u00e9s occupent des postes de cadres au sein du Mouvement des centres d\u2019amiti\u00e9.<\/p>\n<p><strong>\u00a0<\/strong><\/p>","protected":false},"excerpt":{"rendered":"<p>Partenariats Les partenariats sont \u00e0 la base du succ\u00e8s du RCAU. Les partenariats jouent un r\u00f4le-cl\u00e9 pour promulguer un changement significatif qui b\u00e9n\u00e9ficie aux communaut\u00e9s autochtones urbaines par le biais du d\u00e9veloppement d\u2019une politique de collaboration. Le RCAU est repr\u00e9sent\u00e9 par plusieurs partenariats \u00e0 travers le Canada, incluant les Centres d\u2019amiti\u00e9, les universit\u00e9s, les membres [&hellip;]<\/p>\n","protected":false},"author":1,"featured_media":0,"parent":27,"menu_order":0,"comment_status":"open","ping_status":"open","template":"template-about-us.php","meta":{"footnotes":""},"acf":[],"_links":{"self":[{"href":"https:\/\/uakn.org\/fr\/wp-json\/wp\/v2\/pages\/348"}],"collection":[{"href":"https:\/\/uakn.org\/fr\/wp-json\/wp\/v2\/pages"}],"about":[{"href":"https:\/\/uakn.org\/fr\/wp-json\/wp\/v2\/types\/page"}],"author":[{"embeddable":true,"href":"https:\/\/uakn.org\/fr\/wp-json\/wp\/v2\/users\/1"}],"replies":[{"embeddable":true,"href":"https:\/\/uakn.org\/fr\/wp-json\/wp\/v2\/comments?post=348"}],"version-history":[{"count":10,"href":"https:\/\/uakn.org\/fr\/wp-json\/wp\/v2\/pages\/348\/revisions"}],"predecessor-version":[{"id":876,"href":"https:\/\/uakn.org\/fr\/wp-json\/wp\/v2\/pages\/348\/revisions\/876"}],"up":[{"embeddable":true,"href":"https:\/\/uakn.org\/fr\/wp-json\/wp\/v2\/pages\/27"}],"wp:attachment":[{"href":"https:\/\/uakn.org\/fr\/wp-json\/wp\/v2\/media?parent=348"}],"curies":[{"name":"wp","href":"https:\/\/api.w.org\/{rel}","templated":true}]}}