{"id":350,"date":"2014-08-07T13:39:24","date_gmt":"2014-08-07T17:39:24","guid":{"rendered":"http:\/\/uakn.ictinusdesign.com\/?page_id=350"},"modified":"2019-04-02T15:23:21","modified_gmt":"2019-04-02T19:23:21","slug":"governanace","status":"publish","type":"page","link":"https:\/\/uakn.org\/fr\/about-us\/governanace\/","title":{"rendered":"La gouvernance"},"content":{"rendered":"<strong>La gouvernance<\/strong><\/p>\n<p><strong>\u00a0<\/strong>La structure de gouvernance du RCAU op\u00e8re comme un Conseil du r\u00e9seau (voir tableau 1). Le but du Conseil du r\u00e9seau est de 1) d\u00e9terminer une direction et des priorit\u00e9s strat\u00e9giques; 2) conseiller en ce qui a trait \u00e0 la mobilisation des connaissances et l\u2019engagement des intervenants\u00a0; 3) \u00e9valuer les r\u00e9alisations du Conseil du r\u00e9seau ; et, 4) contribuer aux lev\u00e9es de fonds. Plus particuli\u00e8rement, le Conseil du r\u00e9seau a \u00e9labor\u00e9 de vastes termes de recherche qui guident la recherche du RCAU et les activit\u00e9s de mobilisation des connaissances, et il ratifie les rapports et les documents de politiques du RCAU.<\/p>\n<p><strong>Le Conseil du r\u00e9seau est aussi responsable des \u00e9l\u00e9ments suivants\u00a0: <\/strong><\/p>\n<p>1)\u00a0\u00a0\u00a0\u00a0\u00a0\u00a0\u00a0 Identifier et implanter des projets de recherche comparative ;<\/p>\n<p>2)\u00a0\u00a0\u00a0\u00a0\u00a0\u00a0\u00a0 Assurer la divulgation des constats de recherche afin d\u2019implanter le d\u00e9veloppement\u00a0\u00a0 des politiques ;<\/p>\n<p>3)\u00a0\u00a0\u00a0\u00a0\u00a0\u00a0\u00a0 Assister \u00e0 la coordination des conf\u00e9rences du RCAU ;<\/p>\n<p>4)\u00a0\u00a0\u00a0\u00a0\u00a0\u00a0\u00a0 Contribuer aux activit\u00e9s de diss\u00e9mination ; et<\/p>\n<p>5)\u00a0\u00a0\u00a0\u00a0\u00a0\u00a0\u00a0 Surveiller la qualit\u00e9 et l\u2019opportunit\u00e9 de la recherche pendant tout le projet de\u00a0 recherche<\/p>\n<p><strong>Tableau 1\u00a0: Structure de gouvernance du RCAU \u00a0<\/strong><\/p>\n<p><a href=\"http:\/\/uakn.ictinusdesign.com\/wp-content\/uploads\/2014\/08\/governance.jpg\"><img loading=\"lazy\" decoding=\"async\" class=\"alignnone size-medium wp-image-851\" src=\"http:\/\/uakn.ictinusdesign.com\/wp-content\/uploads\/2014\/08\/governance-300x169.jpg\" alt=\"governance\" width=\"300\" height=\"169\" \/><\/a><\/p>\n<p>circle top left\u00a0: Pr\u00e9sident de l\u2019ANCA<\/p>\n<p>circle top right: Copr\u00e9sident acad\u00e9mique<\/p>\n<p>circles bottom from left to right\u00a0: Cercle autochtone<\/p>\n<p>Table des bailleurs de fonds<\/p>\n<p>Table des centres r\u00e9gionaux de recherche<\/p>\n<p>Secr\u00e9tariat<\/p>\n<p>PDF:\u00a0<a href=\"https:\/\/uakn.org\/wp-content\/uploads\/2014\/08\/2015.10.29-UAKN-Network-Council-Terms-of-Reference_Final_2015_10_22_cible_FR.pdf\">Conseil du r\u00e9seau CADRE DE R\u00c9F\u00c9RENCE<\/a><\/p>\n<p><strong><u>Introduction<\/u><\/strong><\/p>\n<p>Le RCAU est fond\u00e9 sur une recherche ax\u00e9e sur la communaut\u00e9, et ce, depuis sa cr\u00e9ation. En cons\u00e9quence, il s\u2019efforce de respecter les cadres \u00e9thiques des communaut\u00e9s partenaires de recherche. De plus, l\u2019un des principes fondamentaux du RCAU est que la recherche soit avantageuse pour tous les partenaires. Le Bureau du RCAU a r\u00e9dig\u00e9 le Cadre \u00e9thique afin de repr\u00e9senter les consid\u00e9rations les plus fr\u00e9quentes des communaut\u00e9s autochtones en mati\u00e8re d\u2019\u00e9thique en recherche, ainsi que pour fournir un moyen qui aidera \u00e0 s\u2019assurer que tous les partenaires retirent quelque chose de la recherche.<\/p>\n<p>PDF:\u00a0<a href=\"https:\/\/uakn.org\/wp-content\/uploads\/2014\/08\/2015.11.01-Guiding-Ethical-Principles_Final_2015_10_22_cible_FR.pdf\">RCAU Cadre \u00e9thique<\/a>","protected":false},"excerpt":{"rendered":"<p>La gouvernance \u00a0La structure de gouvernance du RCAU op\u00e8re comme un Conseil du r\u00e9seau (voir tableau 1). Le but du Conseil du r\u00e9seau est de 1) d\u00e9terminer une direction et des priorit\u00e9s strat\u00e9giques; 2) conseiller en ce qui a trait \u00e0 la mobilisation des connaissances et l\u2019engagement des intervenants\u00a0; 3) \u00e9valuer les r\u00e9alisations du Conseil [&hellip;]<\/p>\n","protected":false},"author":1,"featured_media":0,"parent":27,"menu_order":0,"comment_status":"open","ping_status":"open","template":"template-about-us.php","meta":{"footnotes":""},"acf":[],"_links":{"self":[{"href":"https:\/\/uakn.org\/fr\/wp-json\/wp\/v2\/pages\/350"}],"collection":[{"href":"https:\/\/uakn.org\/fr\/wp-json\/wp\/v2\/pages"}],"about":[{"href":"https:\/\/uakn.org\/fr\/wp-json\/wp\/v2\/types\/page"}],"author":[{"embeddable":true,"href":"https:\/\/uakn.org\/fr\/wp-json\/wp\/v2\/users\/1"}],"replies":[{"embeddable":true,"href":"https:\/\/uakn.org\/fr\/wp-json\/wp\/v2\/comments?post=350"}],"version-history":[{"count":72,"href":"https:\/\/uakn.org\/fr\/wp-json\/wp\/v2\/pages\/350\/revisions"}],"predecessor-version":[{"id":4003,"href":"https:\/\/uakn.org\/fr\/wp-json\/wp\/v2\/pages\/350\/revisions\/4003"}],"up":[{"embeddable":true,"href":"https:\/\/uakn.org\/fr\/wp-json\/wp\/v2\/pages\/27"}],"wp:attachment":[{"href":"https:\/\/uakn.org\/fr\/wp-json\/wp\/v2\/media?parent=350"}],"curies":[{"name":"wp","href":"https:\/\/api.w.org\/{rel}","templated":true}]}}