{"id":4,"date":"2014-07-15T09:55:40","date_gmt":"2014-07-15T13:55:40","guid":{"rendered":"http:\/\/uakn.ictinusdesign.com\/?page_id=4"},"modified":"2014-09-02T14:18:17","modified_gmt":"2014-09-02T18:18:17","slug":"homepage","status":"publish","type":"page","link":"https:\/\/uakn.org\/fr\/","title":{"rendered":"Homepage"},"content":{"rendered":"<p>Nous sommes\u00a0un r\u00e9seau de recherche pr\u00eat \u00e0 fournir au gouvernement, aux responsables des politiques, aux membres de la communaut\u00e9 et aux universitaires \u00e0 travers le Canada, les connaissances pour aller de l\u2019avant avec les Autochtones en utilisant des preuves produites par la communaut\u00e9, pour la communaut\u00e9.<\/p>","protected":false},"excerpt":{"rendered":"<p>Nous sommes\u00a0un r\u00e9seau de recherche pr\u00eat \u00e0 fournir au gouvernement, aux responsables des politiques, aux membres de la communaut\u00e9 et aux universitaires \u00e0 travers le Canada, les connaissances pour aller de l\u2019avant avec les Autochtones en utilisant des preuves produites par la communaut\u00e9, pour la communaut\u00e9.<\/p>\n","protected":false},"author":1,"featured_media":0,"parent":0,"menu_order":0,"comment_status":"open","ping_status":"open","template":"template-homepage.php","meta":{"footnotes":""},"acf":[],"_links":{"self":[{"href":"https:\/\/uakn.org\/fr\/wp-json\/wp\/v2\/pages\/4"}],"collection":[{"href":"https:\/\/uakn.org\/fr\/wp-json\/wp\/v2\/pages"}],"about":[{"href":"https:\/\/uakn.org\/fr\/wp-json\/wp\/v2\/types\/page"}],"author":[{"embeddable":true,"href":"https:\/\/uakn.org\/fr\/wp-json\/wp\/v2\/users\/1"}],"replies":[{"embeddable":true,"href":"https:\/\/uakn.org\/fr\/wp-json\/wp\/v2\/comments?post=4"}],"version-history":[{"count":18,"href":"https:\/\/uakn.org\/fr\/wp-json\/wp\/v2\/pages\/4\/revisions"}],"predecessor-version":[{"id":1610,"href":"https:\/\/uakn.org\/fr\/wp-json\/wp\/v2\/pages\/4\/revisions\/1610"}],"wp:attachment":[{"href":"https:\/\/uakn.org\/fr\/wp-json\/wp\/v2\/media?parent=4"}],"curies":[{"name":"wp","href":"https:\/\/api.w.org\/{rel}","templated":true}]}}