{"id":4118,"date":"2023-01-17T14:29:14","date_gmt":"2023-01-17T19:29:14","guid":{"rendered":"https:\/\/uakn.org\/?page_id=4118"},"modified":"2023-03-17T10:40:00","modified_gmt":"2023-03-17T14:40:00","slug":"uakn-compendium","status":"publish","type":"page","link":"https:\/\/uakn.org\/fr\/uakn-compendium\/","title":{"rendered":"(English) UAKN Compendium"},"content":{"rendered":"<p class=\"qtranxs-available-languages-message qtranxs-available-languages-message-fr\">D\u00e9sol\u00e9, cet article est seulement disponible en <a href=\"https:\/\/uakn.org\/en\/wp-json\/wp\/v2\/pages\/4118\" class=\"qtranxs-available-language-link qtranxs-available-language-link-en\" title=\"English\">Anglais Am\u00e9ricain<\/a>.<\/p>","protected":false},"excerpt":{"rendered":"<p>D\u00e9sol\u00e9, cet article est seulement disponible en Anglais Am\u00e9ricain.<\/p>\n","protected":false},"author":6,"featured_media":4139,"parent":0,"menu_order":0,"comment_status":"closed","ping_status":"closed","template":"","meta":{"footnotes":""},"acf":[],"_links":{"self":[{"href":"https:\/\/uakn.org\/fr\/wp-json\/wp\/v2\/pages\/4118"}],"collection":[{"href":"https:\/\/uakn.org\/fr\/wp-json\/wp\/v2\/pages"}],"about":[{"href":"https:\/\/uakn.org\/fr\/wp-json\/wp\/v2\/types\/page"}],"author":[{"embeddable":true,"href":"https:\/\/uakn.org\/fr\/wp-json\/wp\/v2\/users\/6"}],"replies":[{"embeddable":true,"href":"https:\/\/uakn.org\/fr\/wp-json\/wp\/v2\/comments?post=4118"}],"version-history":[{"count":9,"href":"https:\/\/uakn.org\/fr\/wp-json\/wp\/v2\/pages\/4118\/revisions"}],"predecessor-version":[{"id":4148,"href":"https:\/\/uakn.org\/fr\/wp-json\/wp\/v2\/pages\/4118\/revisions\/4148"}],"wp:featuredmedia":[{"embeddable":true,"href":"https:\/\/uakn.org\/fr\/wp-json\/wp\/v2\/media\/4139"}],"wp:attachment":[{"href":"https:\/\/uakn.org\/fr\/wp-json\/wp\/v2\/media?parent=4118"}],"curies":[{"name":"wp","href":"https:\/\/api.w.org\/{rel}","templated":true}]}}