{"id":63,"date":"2014-07-17T10:04:10","date_gmt":"2014-07-17T14:04:10","guid":{"rendered":"http:\/\/uakn.ictinusdesign.com\/?page_id=63"},"modified":"2014-08-29T08:09:18","modified_gmt":"2014-08-29T12:09:18","slug":"research-map","status":"publish","type":"page","link":"https:\/\/uakn.org\/fr\/research-map\/","title":{"rendered":"Carte de recherche"},"content":{"rendered":"<p>Bienvenue \u00e0 l\u2019outil \u00ab\u00a0carte de recherche\u00a0\u00bb du RCAU ! Une carte interactive qui offre des statistiques r\u00e9centes, de la recherche et des informations sur la population autochtone urbaine au Canada. Le RCAU est pr\u00eat \u00e0 offrir aux gouvernements, aux responsables des politiques, aux chercheurs, aux membres de la communaut\u00e9 et aux universitaires \u00e0 travers le Canada, les connaissances pour aller de l\u2019avant, de concert avec les Autochtones, en utilisant des preuves recueillies par la communaut\u00e9, pour la communaut\u00e9. Afin de commencer \u00e0 explorer la carte, cliquez simplement sur la r\u00e9gion au sujet de laquelle vous d\u00e9sirez en savoir plus.<\/p>","protected":false},"excerpt":{"rendered":"<p>Bienvenue \u00e0 l\u2019outil \u00ab\u00a0carte de recherche\u00a0\u00bb du RCAU ! Une carte interactive qui offre des statistiques r\u00e9centes, de la recherche et des informations sur la population autochtone urbaine au Canada. Le RCAU est pr\u00eat \u00e0 offrir aux gouvernements, aux responsables des politiques, aux chercheurs, aux membres de la communaut\u00e9 et aux universitaires \u00e0 travers le [&hellip;]<\/p>\n","protected":false},"author":1,"featured_media":0,"parent":0,"menu_order":0,"comment_status":"open","ping_status":"open","template":"template-research-projects-index.php","meta":{"footnotes":""},"acf":[],"_links":{"self":[{"href":"https:\/\/uakn.org\/fr\/wp-json\/wp\/v2\/pages\/63"}],"collection":[{"href":"https:\/\/uakn.org\/fr\/wp-json\/wp\/v2\/pages"}],"about":[{"href":"https:\/\/uakn.org\/fr\/wp-json\/wp\/v2\/types\/page"}],"author":[{"embeddable":true,"href":"https:\/\/uakn.org\/fr\/wp-json\/wp\/v2\/users\/1"}],"replies":[{"embeddable":true,"href":"https:\/\/uakn.org\/fr\/wp-json\/wp\/v2\/comments?post=63"}],"version-history":[{"count":19,"href":"https:\/\/uakn.org\/fr\/wp-json\/wp\/v2\/pages\/63\/revisions"}],"predecessor-version":[{"id":2451,"href":"https:\/\/uakn.org\/fr\/wp-json\/wp\/v2\/pages\/63\/revisions\/2451"}],"wp:attachment":[{"href":"https:\/\/uakn.org\/fr\/wp-json\/wp\/v2\/media?parent=63"}],"curies":[{"name":"wp","href":"https:\/\/api.w.org\/{rel}","templated":true}]}}